{"id":51,"date":"2021-04-13T09:47:48","date_gmt":"2021-04-13T07:47:48","guid":{"rendered":"https:\/\/www.poe-partner.com\/produkt\/af-lightning-adapter\/"},"modified":"2026-03-06T10:38:32","modified_gmt":"2026-03-06T09:38:32","slug":"af-lightning-adapter","status":"publish","type":"product","link":"https:\/\/www.poe-partner.com\/de\/adapter\/af-lightning-adapter\/","title":{"rendered":"AF-Lightning PoE-Adapter"},"content":{"rendered":"<p>Versorge ein iPad \u00fcber das LAN-Kabel mit Strom durch PoE<br \/>Der AF-Lightning Adapter nimmt die eingehenden Signale vom PoE-Switch oder PoE-Injector und konvertiert sie in eine Spannung von 5 Volt und 10 Watt Leistung. Somit eignet sich dieser Adapter optimal zur Stromversorgung eines Apple-Lightning Ger\u00e4ts und erm\u00f6glicht eine freie Platzwahl, zum Beispiel an einer Wand, in einem Konferenzraum, oder am Point-of-Sale.<\/p>\n","protected":false},"excerpt":{"rendered":"<p>Produktmerkmale:<br \/>Versorge ein iPad oder iPhone mit Strom \u00fcber das LAN-Kabel<br \/>Kompatibel mit einem IEEE 802.3af-, IEEE802.3at-, IEEE802.3bt PoE-Switch oder PoE-Injector<br \/>Wandelt PoE in 5 Volt und 10 Watt am Lightning Stecker um<br \/>\u00dcbertr\u00e4gt keine Daten, nur Strom<br \/>Wenn du das iPad mit Strom und Daten versorgen m\u00f6chtest, dann schau dir den GAF-Lightning-PD Adapter an<\/p>\n","protected":false},"featured_media":188,"comment_status":"open","ping_status":"closed","template":"","meta":[],"product_cat":[18],"product_tag":[],"yoast_head":"<!-- This site is optimized with the Yoast SEO plugin v19.13 - https:\/\/yoast.com\/wordpress\/plugins\/seo\/ -->\n<title>AF-Lightning PoE-Adapter - poe-partner<\/title>\n<meta name=\"robots\" content=\"index, follow, max-snippet:-1, max-image-preview:large, max-video-preview:-1\" \/>\n<link rel=\"canonical\" href=\"https:\/\/www.poe-partner.com\/de\/adapter\/af-lightning-adapter\/\" \/>\n<meta property=\"og:locale\" content=\"de_DE\" \/>\n<meta property=\"og:type\" content=\"article\" \/>\n<meta property=\"og:title\" content=\"AF-Lightning PoE-Adapter - poe-partner\" \/>\n<meta property=\"og:description\" content=\"Produktmerkmale:Versorge ein iPad oder iPhone mit Strom \u00fcber das LAN-KabelKompatibel mit einem IEEE 802.3af-, IEEE802.3at-, IEEE802.3bt PoE-Switch oder PoE-InjectorWandelt PoE in 5 Volt und 10 Watt am Lightning Stecker um\u00dcbertr\u00e4gt keine Daten, nur StromWenn du das iPad mit Strom und Daten versorgen m\u00f6chtest, dann schau dir den GAF-Lightning-PD Adapter an\" \/>\n<meta property=\"og:url\" content=\"https:\/\/www.poe-partner.com\/de\/adapter\/af-lightning-adapter\/\" \/>\n<meta property=\"og:site_name\" content=\"poe-partner\" \/>\n<meta property=\"article:modified_time\" content=\"2026-03-06T09:38:32+00:00\" \/>\n<meta property=\"og:image\" content=\"https:\/\/www.poe-partner.com\/wp-content\/uploads\/2021\/04\/AF-Lightning-Hauptbild-scaled.jpg\" \/>\n\t<meta property=\"og:image:width\" content=\"2560\" \/>\n\t<meta property=\"og:image:height\" content=\"1917\" \/>\n\t<meta property=\"og:image:type\" content=\"image\/jpeg\" \/>\n<meta name=\"twitter:card\" content=\"summary_large_image\" \/>\n<meta name=\"twitter:label1\" content=\"Gesch\u00e4tzte Lesezeit\" \/>\n\t<meta name=\"twitter:data1\" content=\"1 Minute\" \/>\n<script type=\"application\/ld+json\" class=\"yoast-schema-graph\">{\"@context\":\"https:\/\/schema.org\",\"@graph\":[{\"@type\":\"WebPage\",\"@id\":\"https:\/\/www.poe-partner.com\/de\/adapter\/af-lightning-adapter\/\",\"url\":\"https:\/\/www.poe-partner.com\/de\/adapter\/af-lightning-adapter\/\",\"name\":\"AF-Lightning PoE-Adapter - poe-partner\",\"isPartOf\":{\"@id\":\"https:\/\/www.poe-partner.com\/de\/#website\"},\"datePublished\":\"2021-04-13T07:47:48+00:00\",\"dateModified\":\"2026-03-06T09:38:32+00:00\",\"breadcrumb\":{\"@id\":\"https:\/\/www.poe-partner.com\/de\/adapter\/af-lightning-adapter\/#breadcrumb\"},\"inLanguage\":\"de-DE\",\"potentialAction\":[{\"@type\":\"ReadAction\",\"target\":[\"https:\/\/www.poe-partner.com\/de\/adapter\/af-lightning-adapter\/\"]}]},{\"@type\":\"BreadcrumbList\",\"@id\":\"https:\/\/www.poe-partner.com\/de\/adapter\/af-lightning-adapter\/#breadcrumb\",\"itemListElement\":[{\"@type\":\"ListItem\",\"position\":1,\"name\":\"Startseite\",\"item\":\"https:\/\/www.poe-partner.com\/de\/\"},{\"@type\":\"ListItem\",\"position\":2,\"name\":\"Shop\",\"item\":\"https:\/\/www.poe-partner.com\/de\/shop\/\"},{\"@type\":\"ListItem\",\"position\":3,\"name\":\"AF-Lightning PoE-Adapter\"}]},{\"@type\":\"WebSite\",\"@id\":\"https:\/\/www.poe-partner.com\/de\/#website\",\"url\":\"https:\/\/www.poe-partner.com\/de\/\",\"name\":\"poe-partner\",\"description\":\"Alle Informationen um das Thema Power over Ethernet\",\"publisher\":{\"@id\":\"https:\/\/www.poe-partner.com\/de\/#organization\"},\"potentialAction\":[{\"@type\":\"SearchAction\",\"target\":{\"@type\":\"EntryPoint\",\"urlTemplate\":\"https:\/\/www.poe-partner.com\/de\/?s={search_term_string}\"},\"query-input\":\"required name=search_term_string\"}],\"inLanguage\":\"de-DE\"},{\"@type\":\"Organization\",\"@id\":\"https:\/\/www.poe-partner.com\/de\/#organization\",\"name\":\"poe-partner\",\"url\":\"https:\/\/www.poe-partner.com\/de\/\",\"logo\":{\"@type\":\"ImageObject\",\"inLanguage\":\"de-DE\",\"@id\":\"https:\/\/www.poe-partner.com\/de\/#\/schema\/logo\/image\/\",\"url\":\"https:\/\/www.poe-partner.com\/wp-content\/uploads\/2021\/04\/poe-partner-logo.png\",\"contentUrl\":\"https:\/\/www.poe-partner.com\/wp-content\/uploads\/2021\/04\/poe-partner-logo.png\",\"width\":340,\"height\":170,\"caption\":\"poe-partner\"},\"image\":{\"@id\":\"https:\/\/www.poe-partner.com\/de\/#\/schema\/logo\/image\/\"}}]}<\/script>\n<!-- \/ Yoast SEO plugin. -->","yoast_head_json":{"title":"AF-Lightning PoE-Adapter - poe-partner","robots":{"index":"index","follow":"follow","max-snippet":"max-snippet:-1","max-image-preview":"max-image-preview:large","max-video-preview":"max-video-preview:-1"},"canonical":"https:\/\/www.poe-partner.com\/de\/adapter\/af-lightning-adapter\/","og_locale":"de_DE","og_type":"article","og_title":"AF-Lightning PoE-Adapter - poe-partner","og_description":"Produktmerkmale:Versorge ein iPad oder iPhone mit Strom \u00fcber das LAN-KabelKompatibel mit einem IEEE 802.3af-, IEEE802.3at-, IEEE802.3bt PoE-Switch oder PoE-InjectorWandelt PoE in 5 Volt und 10 Watt am Lightning Stecker um\u00dcbertr\u00e4gt keine Daten, nur StromWenn du das iPad mit Strom und Daten versorgen m\u00f6chtest, dann schau dir den GAF-Lightning-PD Adapter an","og_url":"https:\/\/www.poe-partner.com\/de\/adapter\/af-lightning-adapter\/","og_site_name":"poe-partner","article_modified_time":"2026-03-06T09:38:32+00:00","og_image":[{"width":2560,"height":1917,"url":"https:\/\/www.poe-partner.com\/wp-content\/uploads\/2021\/04\/AF-Lightning-Hauptbild-scaled.jpg","type":"image\/jpeg"}],"twitter_card":"summary_large_image","twitter_misc":{"Gesch\u00e4tzte Lesezeit":"1 Minute"},"schema":{"@context":"https:\/\/schema.org","@graph":[{"@type":"WebPage","@id":"https:\/\/www.poe-partner.com\/de\/adapter\/af-lightning-adapter\/","url":"https:\/\/www.poe-partner.com\/de\/adapter\/af-lightning-adapter\/","name":"AF-Lightning PoE-Adapter - poe-partner","isPartOf":{"@id":"https:\/\/www.poe-partner.com\/de\/#website"},"datePublished":"2021-04-13T07:47:48+00:00","dateModified":"2026-03-06T09:38:32+00:00","breadcrumb":{"@id":"https:\/\/www.poe-partner.com\/de\/adapter\/af-lightning-adapter\/#breadcrumb"},"inLanguage":"de-DE","potentialAction":[{"@type":"ReadAction","target":["https:\/\/www.poe-partner.com\/de\/adapter\/af-lightning-adapter\/"]}]},{"@type":"BreadcrumbList","@id":"https:\/\/www.poe-partner.com\/de\/adapter\/af-lightning-adapter\/#breadcrumb","itemListElement":[{"@type":"ListItem","position":1,"name":"Startseite","item":"https:\/\/www.poe-partner.com\/de\/"},{"@type":"ListItem","position":2,"name":"Shop","item":"https:\/\/www.poe-partner.com\/de\/shop\/"},{"@type":"ListItem","position":3,"name":"AF-Lightning PoE-Adapter"}]},{"@type":"WebSite","@id":"https:\/\/www.poe-partner.com\/de\/#website","url":"https:\/\/www.poe-partner.com\/de\/","name":"poe-partner","description":"Alle Informationen um das Thema Power over Ethernet","publisher":{"@id":"https:\/\/www.poe-partner.com\/de\/#organization"},"potentialAction":[{"@type":"SearchAction","target":{"@type":"EntryPoint","urlTemplate":"https:\/\/www.poe-partner.com\/de\/?s={search_term_string}"},"query-input":"required name=search_term_string"}],"inLanguage":"de-DE"},{"@type":"Organization","@id":"https:\/\/www.poe-partner.com\/de\/#organization","name":"poe-partner","url":"https:\/\/www.poe-partner.com\/de\/","logo":{"@type":"ImageObject","inLanguage":"de-DE","@id":"https:\/\/www.poe-partner.com\/de\/#\/schema\/logo\/image\/","url":"https:\/\/www.poe-partner.com\/wp-content\/uploads\/2021\/04\/poe-partner-logo.png","contentUrl":"https:\/\/www.poe-partner.com\/wp-content\/uploads\/2021\/04\/poe-partner-logo.png","width":340,"height":170,"caption":"poe-partner"},"image":{"@id":"https:\/\/www.poe-partner.com\/de\/#\/schema\/logo\/image\/"}}]}},"_links":{"self":[{"href":"https:\/\/www.poe-partner.com\/de\/wp-json\/wp\/v2\/product\/51"}],"collection":[{"href":"https:\/\/www.poe-partner.com\/de\/wp-json\/wp\/v2\/product"}],"about":[{"href":"https:\/\/www.poe-partner.com\/de\/wp-json\/wp\/v2\/types\/product"}],"replies":[{"embeddable":true,"href":"https:\/\/www.poe-partner.com\/de\/wp-json\/wp\/v2\/comments?post=51"}],"wp:featuredmedia":[{"embeddable":true,"href":"https:\/\/www.poe-partner.com\/de\/wp-json\/wp\/v2\/media\/188"}],"wp:attachment":[{"href":"https:\/\/www.poe-partner.com\/de\/wp-json\/wp\/v2\/media?parent=51"}],"wp:term":[{"taxonomy":"product_cat","embeddable":true,"href":"https:\/\/www.poe-partner.com\/de\/wp-json\/wp\/v2\/product_cat?post=51"},{"taxonomy":"product_tag","embeddable":true,"href":"https:\/\/www.poe-partner.com\/de\/wp-json\/wp\/v2\/product_tag?post=51"}],"curies":[{"name":"wp","href":"https:\/\/api.w.org\/{rel}","templated":true}]}}