{"id":86,"date":"2021-04-13T10:22:34","date_gmt":"2021-04-13T08:22:34","guid":{"rendered":"https:\/\/www.poe-partner.com\/produkt\/gpoe-16a-48v120w-injektor\/"},"modified":"2026-01-28T12:27:31","modified_gmt":"2026-01-28T11:27:31","slug":"gpoe-16a-48v120w-poe-injector","status":"publish","type":"product","link":"https:\/\/www.poe-partner.com\/de\/injectoren\/gpoe-16a-48v120w-poe-injector\/","title":{"rendered":"GPOE-16A-48V120W PoE-Injector"},"content":{"rendered":"<p>Passiver 16 Port Gigabit-Ethernet PoE-Injector inklusive 48 Volt und 120 Watt Netzteil<br \/>Der GPOE-16A Injector verf\u00fcgt \u00fcber 16 passive PoE-Ports. Das hei\u00dft, dass er Strom direkt \u00fcber das LAN-Kabel \u00fcbertr\u00e4gt ohne vorher zu \u00fcberpr\u00fcfen ob das angeschlossene Endger\u00e4t (PD) PoE-f\u00e4hig ist.<br \/>Pro PoE-Port wird eine Stromst\u00e4rke von bis zu 0,65 Ampere unterst\u00fctzt. Mit dem mitgelieferten 48 Volt und 120 Watt Netzteil ist eine Ausgangsleistung von 31,2 Watt pro Port und eine Gesamtleistung von 120 Watt verf\u00fcgbar. Der PoE-Injector unterst\u00fctzt damit den IEEE802.3af (PoE) und IEEE802.3at (PoE+) Standard.<br \/>Daten werden mit einer Geschwindigkeit von bis zu 1000 MBit\/s \u00fcbertragen, was dem Gigabit-Ethernet Standard entspricht.<br \/>Strom und Daten werden \u00fcber den Pinout Modus A \u00fcbertragen.<\/p>\n","protected":false},"excerpt":{"rendered":"<p>Produktmerkmale:<br \/>PoE-Injector<br \/>16 PoE-Ports<br \/>Pinout Modus A<br \/>Passive Strom\u00fcbertragung<br \/>Pro PoE-Port Stromst\u00e4rke von bis zu 0,65 Ampere<br \/>Stromspannung von 48 Volt<br \/>Ausgangsleistung pro Port von bis zu 31,2 Watt<br \/>Gesamtleistung von 120 Watt verf\u00fcgbar<br \/>Unterst\u00fctzt den IEEE802.3af (PoE) und IEEE802.3at (PoE+) Standard<br \/>Daten\u00fcbertragung mit bis zu 1000 MBit\/s (Gigabit-Ethernet Standard)<\/p>\n","protected":false},"featured_media":456,"comment_status":"open","ping_status":"closed","template":"","meta":[],"product_cat":[17],"product_tag":[],"yoast_head":"<!-- This site is optimized with the Yoast SEO plugin v19.13 - https:\/\/yoast.com\/wordpress\/plugins\/seo\/ -->\n<title>GPOE-16A-48V120W PoE-Injector - poe-partner<\/title>\n<meta name=\"robots\" content=\"index, follow, max-snippet:-1, max-image-preview:large, max-video-preview:-1\" \/>\n<link rel=\"canonical\" href=\"https:\/\/www.poe-partner.com\/de\/injectoren\/gpoe-16a-48v120w-poe-injector\/\" \/>\n<meta property=\"og:locale\" content=\"de_DE\" \/>\n<meta property=\"og:type\" content=\"article\" \/>\n<meta property=\"og:title\" content=\"GPOE-16A-48V120W PoE-Injector - poe-partner\" \/>\n<meta property=\"og:description\" content=\"Produktmerkmale:PoE-Injector16 PoE-PortsPinout Modus APassive Strom\u00fcbertragungPro PoE-Port Stromst\u00e4rke von bis zu 0,65 AmpereStromspannung von 48 VoltAusgangsleistung pro Port von bis zu 31,2 WattGesamtleistung von 120 Watt verf\u00fcgbarUnterst\u00fctzt den IEEE802.3af (PoE) und IEEE802.3at (PoE+) StandardDaten\u00fcbertragung mit bis zu 1000 MBit\/s (Gigabit-Ethernet Standard)\" \/>\n<meta property=\"og:url\" content=\"https:\/\/www.poe-partner.com\/de\/injectoren\/gpoe-16a-48v120w-poe-injector\/\" \/>\n<meta property=\"og:site_name\" content=\"poe-partner\" \/>\n<meta property=\"article:modified_time\" content=\"2026-01-28T11:27:31+00:00\" \/>\n<meta property=\"og:image\" content=\"https:\/\/www.poe-partner.com\/wp-content\/uploads\/2021\/04\/GPOE-16A-Hauptbild.jpg\" \/>\n\t<meta property=\"og:image:width\" content=\"800\" \/>\n\t<meta property=\"og:image:height\" content=\"800\" \/>\n\t<meta property=\"og:image:type\" content=\"image\/jpeg\" \/>\n<meta name=\"twitter:card\" content=\"summary_large_image\" \/>\n<meta name=\"twitter:label1\" content=\"Gesch\u00e4tzte Lesezeit\" \/>\n\t<meta name=\"twitter:data1\" content=\"1 Minute\" \/>\n<script type=\"application\/ld+json\" class=\"yoast-schema-graph\">{\"@context\":\"https:\/\/schema.org\",\"@graph\":[{\"@type\":\"WebPage\",\"@id\":\"https:\/\/www.poe-partner.com\/de\/injectoren\/gpoe-16a-48v120w-poe-injector\/\",\"url\":\"https:\/\/www.poe-partner.com\/de\/injectoren\/gpoe-16a-48v120w-poe-injector\/\",\"name\":\"GPOE-16A-48V120W PoE-Injector - poe-partner\",\"isPartOf\":{\"@id\":\"https:\/\/www.poe-partner.com\/de\/#website\"},\"datePublished\":\"2021-04-13T08:22:34+00:00\",\"dateModified\":\"2026-01-28T11:27:31+00:00\",\"breadcrumb\":{\"@id\":\"https:\/\/www.poe-partner.com\/de\/injectoren\/gpoe-16a-48v120w-poe-injector\/#breadcrumb\"},\"inLanguage\":\"de-DE\",\"potentialAction\":[{\"@type\":\"ReadAction\",\"target\":[\"https:\/\/www.poe-partner.com\/de\/injectoren\/gpoe-16a-48v120w-poe-injector\/\"]}]},{\"@type\":\"BreadcrumbList\",\"@id\":\"https:\/\/www.poe-partner.com\/de\/injectoren\/gpoe-16a-48v120w-poe-injector\/#breadcrumb\",\"itemListElement\":[{\"@type\":\"ListItem\",\"position\":1,\"name\":\"Startseite\",\"item\":\"https:\/\/www.poe-partner.com\/de\/\"},{\"@type\":\"ListItem\",\"position\":2,\"name\":\"Shop\",\"item\":\"https:\/\/www.poe-partner.com\/de\/shop\/\"},{\"@type\":\"ListItem\",\"position\":3,\"name\":\"GPOE-16A-48V120W PoE-Injector\"}]},{\"@type\":\"WebSite\",\"@id\":\"https:\/\/www.poe-partner.com\/de\/#website\",\"url\":\"https:\/\/www.poe-partner.com\/de\/\",\"name\":\"poe-partner\",\"description\":\"Alle Informationen um das Thema Power over Ethernet\",\"publisher\":{\"@id\":\"https:\/\/www.poe-partner.com\/de\/#organization\"},\"potentialAction\":[{\"@type\":\"SearchAction\",\"target\":{\"@type\":\"EntryPoint\",\"urlTemplate\":\"https:\/\/www.poe-partner.com\/de\/?s={search_term_string}\"},\"query-input\":\"required name=search_term_string\"}],\"inLanguage\":\"de-DE\"},{\"@type\":\"Organization\",\"@id\":\"https:\/\/www.poe-partner.com\/de\/#organization\",\"name\":\"poe-partner\",\"url\":\"https:\/\/www.poe-partner.com\/de\/\",\"logo\":{\"@type\":\"ImageObject\",\"inLanguage\":\"de-DE\",\"@id\":\"https:\/\/www.poe-partner.com\/de\/#\/schema\/logo\/image\/\",\"url\":\"https:\/\/www.poe-partner.com\/wp-content\/uploads\/2021\/04\/poe-partner-logo.png\",\"contentUrl\":\"https:\/\/www.poe-partner.com\/wp-content\/uploads\/2021\/04\/poe-partner-logo.png\",\"width\":340,\"height\":170,\"caption\":\"poe-partner\"},\"image\":{\"@id\":\"https:\/\/www.poe-partner.com\/de\/#\/schema\/logo\/image\/\"}}]}<\/script>\n<!-- \/ Yoast SEO plugin. -->","yoast_head_json":{"title":"GPOE-16A-48V120W PoE-Injector - poe-partner","robots":{"index":"index","follow":"follow","max-snippet":"max-snippet:-1","max-image-preview":"max-image-preview:large","max-video-preview":"max-video-preview:-1"},"canonical":"https:\/\/www.poe-partner.com\/de\/injectoren\/gpoe-16a-48v120w-poe-injector\/","og_locale":"de_DE","og_type":"article","og_title":"GPOE-16A-48V120W PoE-Injector - poe-partner","og_description":"Produktmerkmale:PoE-Injector16 PoE-PortsPinout Modus APassive Strom\u00fcbertragungPro PoE-Port Stromst\u00e4rke von bis zu 0,65 AmpereStromspannung von 48 VoltAusgangsleistung pro Port von bis zu 31,2 WattGesamtleistung von 120 Watt verf\u00fcgbarUnterst\u00fctzt den IEEE802.3af (PoE) und IEEE802.3at (PoE+) StandardDaten\u00fcbertragung mit bis zu 1000 MBit\/s (Gigabit-Ethernet Standard)","og_url":"https:\/\/www.poe-partner.com\/de\/injectoren\/gpoe-16a-48v120w-poe-injector\/","og_site_name":"poe-partner","article_modified_time":"2026-01-28T11:27:31+00:00","og_image":[{"width":800,"height":800,"url":"https:\/\/www.poe-partner.com\/wp-content\/uploads\/2021\/04\/GPOE-16A-Hauptbild.jpg","type":"image\/jpeg"}],"twitter_card":"summary_large_image","twitter_misc":{"Gesch\u00e4tzte Lesezeit":"1 Minute"},"schema":{"@context":"https:\/\/schema.org","@graph":[{"@type":"WebPage","@id":"https:\/\/www.poe-partner.com\/de\/injectoren\/gpoe-16a-48v120w-poe-injector\/","url":"https:\/\/www.poe-partner.com\/de\/injectoren\/gpoe-16a-48v120w-poe-injector\/","name":"GPOE-16A-48V120W PoE-Injector - poe-partner","isPartOf":{"@id":"https:\/\/www.poe-partner.com\/de\/#website"},"datePublished":"2021-04-13T08:22:34+00:00","dateModified":"2026-01-28T11:27:31+00:00","breadcrumb":{"@id":"https:\/\/www.poe-partner.com\/de\/injectoren\/gpoe-16a-48v120w-poe-injector\/#breadcrumb"},"inLanguage":"de-DE","potentialAction":[{"@type":"ReadAction","target":["https:\/\/www.poe-partner.com\/de\/injectoren\/gpoe-16a-48v120w-poe-injector\/"]}]},{"@type":"BreadcrumbList","@id":"https:\/\/www.poe-partner.com\/de\/injectoren\/gpoe-16a-48v120w-poe-injector\/#breadcrumb","itemListElement":[{"@type":"ListItem","position":1,"name":"Startseite","item":"https:\/\/www.poe-partner.com\/de\/"},{"@type":"ListItem","position":2,"name":"Shop","item":"https:\/\/www.poe-partner.com\/de\/shop\/"},{"@type":"ListItem","position":3,"name":"GPOE-16A-48V120W PoE-Injector"}]},{"@type":"WebSite","@id":"https:\/\/www.poe-partner.com\/de\/#website","url":"https:\/\/www.poe-partner.com\/de\/","name":"poe-partner","description":"Alle Informationen um das Thema Power over Ethernet","publisher":{"@id":"https:\/\/www.poe-partner.com\/de\/#organization"},"potentialAction":[{"@type":"SearchAction","target":{"@type":"EntryPoint","urlTemplate":"https:\/\/www.poe-partner.com\/de\/?s={search_term_string}"},"query-input":"required name=search_term_string"}],"inLanguage":"de-DE"},{"@type":"Organization","@id":"https:\/\/www.poe-partner.com\/de\/#organization","name":"poe-partner","url":"https:\/\/www.poe-partner.com\/de\/","logo":{"@type":"ImageObject","inLanguage":"de-DE","@id":"https:\/\/www.poe-partner.com\/de\/#\/schema\/logo\/image\/","url":"https:\/\/www.poe-partner.com\/wp-content\/uploads\/2021\/04\/poe-partner-logo.png","contentUrl":"https:\/\/www.poe-partner.com\/wp-content\/uploads\/2021\/04\/poe-partner-logo.png","width":340,"height":170,"caption":"poe-partner"},"image":{"@id":"https:\/\/www.poe-partner.com\/de\/#\/schema\/logo\/image\/"}}]}},"_links":{"self":[{"href":"https:\/\/www.poe-partner.com\/de\/wp-json\/wp\/v2\/product\/86"}],"collection":[{"href":"https:\/\/www.poe-partner.com\/de\/wp-json\/wp\/v2\/product"}],"about":[{"href":"https:\/\/www.poe-partner.com\/de\/wp-json\/wp\/v2\/types\/product"}],"replies":[{"embeddable":true,"href":"https:\/\/www.poe-partner.com\/de\/wp-json\/wp\/v2\/comments?post=86"}],"wp:featuredmedia":[{"embeddable":true,"href":"https:\/\/www.poe-partner.com\/de\/wp-json\/wp\/v2\/media\/456"}],"wp:attachment":[{"href":"https:\/\/www.poe-partner.com\/de\/wp-json\/wp\/v2\/media?parent=86"}],"wp:term":[{"taxonomy":"product_cat","embeddable":true,"href":"https:\/\/www.poe-partner.com\/de\/wp-json\/wp\/v2\/product_cat?post=86"},{"taxonomy":"product_tag","embeddable":true,"href":"https:\/\/www.poe-partner.com\/de\/wp-json\/wp\/v2\/product_tag?post=86"}],"curies":[{"name":"wp","href":"https:\/\/api.w.org\/{rel}","templated":true}]}}